{"id":4185,"date":"2021-07-16T12:11:54","date_gmt":"2021-07-16T12:11:54","guid":{"rendered":"https:\/\/www.promed.si\/?page_id=4185"},"modified":"2026-03-16T12:21:54","modified_gmt":"2026-03-16T11:21:54","slug":"promed-partners-and-markets","status":"publish","type":"page","link":"https:\/\/www.promed.si\/sl\/promed-partners-and-markets\/","title":{"rendered":"Promed &#8211; Partners and Markets"},"content":{"rendered":"<div data-elementor-type=\"wp-page\" data-elementor-id=\"4185\" class=\"elementor elementor-4185\" data-elementor-post-type=\"page\">\n\t\t\t\t\t\t<div class=\"elementor-section elementor-top-section elementor-element elementor-element-f9808cd elementor-section-boxed elementor-section-height-default elementor-section-height-default\" data-id=\"f9808cd\" data-element_type=\"section\" data-e-type=\"section\">\n\t\t\t\t\t\t<div class=\"elementor-container elementor-column-gap-no\">\n\t\t\t\t\t<div class=\"elementor-column elementor-col-100 elementor-top-column elementor-element elementor-element-48cfae9\" data-id=\"48cfae9\" data-element_type=\"column\" data-e-type=\"column\">\n\t\t\t<div class=\"elementor-widget-wrap elementor-element-populated\">\n\t\t\t\t\t\t<div class=\"elementor-element elementor-element-7ea11b1 animated-fast elementor-invisible elementor-widget elementor-widget-text-editor\" data-id=\"7ea11b1\" data-element_type=\"widget\" data-e-type=\"widget\" data-settings=\"{&quot;_animation&quot;:&quot;opal-move-up&quot;,&quot;_animation_delay&quot;:200}\" data-widget_type=\"text-editor.default\">\n\t\t\t\t<div class=\"elementor-widget-container\">\n\t\t\t\t\t        <div class=\"elementor-text-editor elementor-clearfix\"><p><strong>Partnerji in trgi<\/strong><\/p><\/div>\n        \t\t\t\t<\/div>\n\t\t\t\t<\/div>\n\t\t\t\t<div class=\"elementor-element elementor-element-2e0d3b4 animated-fast elementor-invisible elementor-widget elementor-widget-text-editor\" data-id=\"2e0d3b4\" data-element_type=\"widget\" data-e-type=\"widget\" data-settings=\"{&quot;_animation&quot;:&quot;opal-move-up&quot;,&quot;_animation_delay&quot;:350}\" data-widget_type=\"text-editor.default\">\n\t\t\t\t<div class=\"elementor-widget-container\">\n\t\t\t\t\t        <div class=\"elementor-text-editor elementor-clearfix\"><p>Promed je bil ustanovljen leta 1992 v Ljubljani kot lokalni distributer medicinskih pripomo\u010dkov in laboratorijske opreme. V letu 2012 smo se raz\u0161irili na podro\u010dje zdravil, sklenili prva partnerstva in raz\u0161irili na\u0161e zmogljivosti na farmacevtskem podro\u010dju. V letu 2021 smo za\u010deli poslovati na Hrva\u0161kem, za\u010deli pa smo tudi z distribucijo na izbranih drugih jadranskih trgih. Istega leta se je sede\u017e Promeda preselil v nove prostore v Ljubljani. Danes izvajamo celovite distribucijske in marketin\u0161ke aktivnosti v imenu na\u0161ih partnerjev v Sloveniji in na Hrva\u0161kem, z \u017ee uveljavljeno prisotnostjo in na\u010drti za nadaljnjo \u0161iritev na drugih jadranskih trgih.<\/p><\/div>\n        \t\t\t\t<\/div>\n\t\t\t\t<\/div>\n\t\t\t\t\t<\/div>\n\t\t<\/div>\n\t\t\t\t\t<\/div>\n\t\t<\/div>\n\t\t\t\t<section class=\"elementor-section elementor-top-section elementor-element elementor-element-7839b48 elementor-section-full_width animated-fast elementor-section-height-default elementor-section-height-default elementor-invisible\" data-id=\"7839b48\" data-element_type=\"section\" data-e-type=\"section\" data-settings=\"{&quot;animation&quot;:&quot;opal-move-up&quot;,&quot;animation_delay&quot;:350}\">\n\t\t\t\t\t\t<div class=\"elementor-container elementor-column-gap-default\">\n\t\t\t\t\t<div class=\"elementor-column elementor-col-100 elementor-top-column elementor-element elementor-element-6ffd46d\" data-id=\"6ffd46d\" data-element_type=\"column\" data-e-type=\"column\">\n\t\t\t<div class=\"elementor-widget-wrap elementor-element-populated\">\n\t\t\t\t\t\t<div class=\"elementor-element elementor-element-93e8434 elementor-skin-coverflow elementor-arrows-yes elementor-pagination-type-bullets elementor-pagination-position-outside elementor-widget elementor-widget-media-carousel\" data-id=\"93e8434\" data-element_type=\"widget\" data-e-type=\"widget\" data-settings=\"{&quot;skin&quot;:&quot;coverflow&quot;,&quot;slides_per_view&quot;:&quot;3&quot;,&quot;show_arrows&quot;:&quot;yes&quot;,&quot;pagination&quot;:&quot;bullets&quot;,&quot;speed&quot;:500,&quot;autoplay&quot;:&quot;yes&quot;,&quot;autoplay_speed&quot;:5000,&quot;loop&quot;:&quot;yes&quot;,&quot;pause_on_hover&quot;:&quot;yes&quot;,&quot;pause_on_interaction&quot;:&quot;yes&quot;,&quot;space_between&quot;:{&quot;unit&quot;:&quot;px&quot;,&quot;size&quot;:10,&quot;sizes&quot;:[]},&quot;space_between_tablet&quot;:{&quot;unit&quot;:&quot;px&quot;,&quot;size&quot;:10,&quot;sizes&quot;:[]},&quot;space_between_mobile&quot;:{&quot;unit&quot;:&quot;px&quot;,&quot;size&quot;:10,&quot;sizes&quot;:[]}}\" data-widget_type=\"media-carousel.default\">\n\t\t\t\t<div class=\"elementor-widget-container\">\n\t\t\t\t\t\t\t\t\t<div class=\"elementor-swiper\">\n\t\t\t\t\t<div class=\"elementor-main-swiper swiper\" role=\"region\" aria-roledescription=\"carousel\" aria-label=\"Slides\">\n\t\t\t\t<div class=\"swiper-wrapper\">\n\t\t\t\t\t\t\t\t\t\t\t<div class=\"swiper-slide\" role=\"group\" aria-roledescription=\"slide\">\n\t\t\t\t\t\t\t<a href=\"https:\/\/www.baxter.com\" target=\"_blank\">\t\t<div class=\"elementor-carousel-image\" role=\"img\" aria-label=\"Baxter logo\" style=\"background-image: url(&#039;https:\/\/www.promed.si\/wp-content\/uploads\/2022\/07\/Baxter.png&#039;)\">\n\n\t\t\t\n\t\t\t\t\t<\/div>\n\t\t<\/a>\t\t\t\t\t\t<\/div>\n\t\t\t\t\t\t\t\t\t\t\t<div class=\"swiper-slide\" role=\"group\" aria-roledescription=\"slide\">\n\t\t\t\t\t\t\t<a href=\"https:\/\/www.seegene.com\" target=\"_blank\">\t\t<div class=\"elementor-carousel-image\" role=\"img\" aria-label=\"Seegene logo\" style=\"background-image: url(&#039;https:\/\/www.promed.si\/wp-content\/uploads\/2022\/07\/Seegene.png&#039;)\">\n\n\t\t\t\n\t\t\t\t\t<\/div>\n\t\t<\/a>\t\t\t\t\t\t<\/div>\n\t\t\t\t\t\t\t\t\t\t\t<div class=\"swiper-slide\" role=\"group\" aria-roledescription=\"slide\">\n\t\t\t\t\t\t\t<a href=\"https:\/\/www.medochemie.com\" target=\"_blank\">\t\t<div class=\"elementor-carousel-image\" role=\"img\" aria-label=\"MEDOCHEMIE logo\" style=\"background-image: url(&#039;https:\/\/www.promed.si\/wp-content\/uploads\/2022\/07\/MEDOCHEMIE.png&#039;)\">\n\n\t\t\t\n\t\t\t\t\t<\/div>\n\t\t<\/a>\t\t\t\t\t\t<\/div>\n\t\t\t\t\t\t\t\t\t\t\t<div class=\"swiper-slide\" role=\"group\" aria-roledescription=\"slide\">\n\t\t\t\t\t\t\t<a href=\"https:\/\/www.corning.com\" target=\"_blank\">\t\t<div class=\"elementor-carousel-image\" role=\"img\" aria-label=\"CORNING logo\" style=\"background-image: url(&#039;https:\/\/www.promed.si\/wp-content\/uploads\/2022\/07\/CORNING.png&#039;)\">\n\n\t\t\t\n\t\t\t\t\t<\/div>\n\t\t<\/a>\t\t\t\t\t\t<\/div>\n\t\t\t\t\t\t\t\t\t\t\t<div class=\"swiper-slide\" role=\"group\" aria-roledescription=\"slide\">\n\t\t\t\t\t\t\t<a href=\"https:\/\/www.romed.nl\/en\" target=\"_blank\">\t\t<div class=\"elementor-carousel-image\" role=\"img\" aria-label=\"RomedHOLLAND logo\" style=\"background-image: url(&#039;https:\/\/www.promed.si\/wp-content\/uploads\/2022\/07\/RomedHOLLAND.png&#039;)\">\n\n\t\t\t\n\t\t\t\t\t<\/div>\n\t\t<\/a>\t\t\t\t\t\t<\/div>\n\t\t\t\t\t\t\t\t\t\t\t<div class=\"swiper-slide\" role=\"group\" aria-roledescription=\"slide\">\n\t\t\t\t\t\t\t<a href=\"https:\/\/www.takarabio.com\" target=\"_blank\">\t\t<div class=\"elementor-carousel-image\" role=\"img\" aria-label=\"takara logo\" style=\"background-image: url(&#039;https:\/\/www.promed.si\/wp-content\/uploads\/2022\/08\/takara.png&#039;)\">\n\n\t\t\t\n\t\t\t\t\t<\/div>\n\t\t<\/a>\t\t\t\t\t\t<\/div>\n\t\t\t\t\t\t\t\t\t\t\t<div class=\"swiper-slide\" role=\"group\" aria-roledescription=\"slide\">\n\t\t\t\t\t\t\t<a href=\"https:\/\/www.viatris.com\/en\" target=\"_blank\">\t\t<div class=\"elementor-carousel-image\" role=\"img\" aria-label=\"Viatris logo\" style=\"background-image: url(&#039;https:\/\/www.promed.si\/wp-content\/uploads\/2022\/09\/viatris.png&#039;)\">\n\n\t\t\t\n\t\t\t\t\t<\/div>\n\t\t<\/a>\t\t\t\t\t\t<\/div>\n\t\t\t\t\t\t\t\t\t\t\t<div class=\"swiper-slide\" role=\"group\" aria-roledescription=\"slide\">\n\t\t\t\t\t\t\t<a href=\"https:\/\/www.beckmancoulter.com\" target=\"_blank\">\t\t<div class=\"elementor-carousel-image\" role=\"img\" aria-label=\"beckman coulter logo\" style=\"background-image: url(&#039;https:\/\/www.promed.si\/wp-content\/uploads\/2024\/01\/Beckman-Coulter-Dx-Logo-e1706611528328.png&#039;)\">\n\n\t\t\t\n\t\t\t\t\t<\/div>\n\t\t<\/a>\t\t\t\t\t\t<\/div>\n\t\t\t\t\t\t\t\t\t\t\t<div class=\"swiper-slide\" role=\"group\" aria-roledescription=\"slide\">\n\t\t\t\t\t\t\t<a href=\"https:\/\/www.theramex.com\" target=\"_blank\">\t\t<div class=\"elementor-carousel-image\" role=\"img\" aria-label=\"Theramex logo\" style=\"background-image: url(&#039;https:\/\/www.promed.si\/wp-content\/uploads\/2024\/01\/Theramex-logo-with-words-colour-e1706611638766.png&#039;)\">\n\n\t\t\t\n\t\t\t\t\t<\/div>\n\t\t<\/a>\t\t\t\t\t\t<\/div>\n\t\t\t\t\t\t\t\t\t\t\t<div class=\"swiper-slide\" role=\"group\" aria-roledescription=\"slide\">\n\t\t\t\t\t\t\t<a href=\"https:\/\/www.sero.no\" target=\"_blank\">\t\t<div class=\"elementor-carousel-image\" role=\"img\" aria-label=\"sero logo\" style=\"background-image: url(&#039;https:\/\/www.promed.si\/wp-content\/uploads\/2024\/05\/Sero_Logo.png&#039;)\">\n\n\t\t\t\n\t\t\t\t\t<\/div>\n\t\t<\/a>\t\t\t\t\t\t<\/div>\n\t\t\t\t\t\t\t\t\t\t\t<div class=\"swiper-slide\" role=\"group\" aria-roledescription=\"slide\">\n\t\t\t\t\t\t\t<a href=\"https:\/\/www.alfresa-pharma-global.com\/\" target=\"_blank\">\t\t<div class=\"elementor-carousel-image\" role=\"img\" aria-label=\"alfresa\" style=\"background-image: url(&#039;https:\/\/www.promed.si\/wp-content\/uploads\/2026\/03\/alfresa-logo-e1773660020755.jpg&#039;)\">\n\n\t\t\t\n\t\t\t\t\t<\/div>\n\t\t<\/a>\t\t\t\t\t\t<\/div>\n\t\t\t\t\t\t\t\t\t<\/div>\n\t\t\t\t\t\t\t\t\t\t\t\t\t\t\t<div class=\"elementor-swiper-button elementor-swiper-button-prev\" role=\"button\" tabindex=\"0\" aria-label=\"Previous\">\n\t\t\t\t\t\t\t<i aria-hidden=\"true\" class=\"eicon-chevron-left\"><\/i>\t\t\t\t\t\t<\/div>\n\t\t\t\t\t\t<div class=\"elementor-swiper-button elementor-swiper-button-next\" role=\"button\" tabindex=\"0\" aria-label=\"Next\">\n\t\t\t\t\t\t\t<i aria-hidden=\"true\" class=\"eicon-chevron-right\"><\/i>\t\t\t\t\t\t<\/div>\n\t\t\t\t\t\t\t\t\t\t\t\t\t\t\t\t<div class=\"swiper-pagination\"><\/div>\n\t\t\t\t\t\t\t\t\t\t\t\t<\/div>\n\t\t\t\t<\/div>\n\t\t\t\t\t\t\t\t<\/div>\n\t\t\t\t<\/div>\n\t\t\t\t\t<\/div>\n\t\t<\/div>\n\t\t\t\t\t<\/div>\n\t\t<\/section>\n\t\t\t\t<section class=\"elementor-section elementor-top-section elementor-element elementor-element-a01b499 elementor-section-full_width animated-fast elementor-section-height-default elementor-section-height-default elementor-invisible\" data-id=\"a01b499\" data-element_type=\"section\" data-e-type=\"section\" data-settings=\"{&quot;animation&quot;:&quot;opal-move-up&quot;,&quot;animation_delay&quot;:350}\">\n\t\t\t\t\t\t<div class=\"elementor-container elementor-column-gap-default\">\n\t\t\t\t\t<div class=\"elementor-column elementor-col-100 elementor-top-column elementor-element elementor-element-31eb6c7\" data-id=\"31eb6c7\" data-element_type=\"column\" data-e-type=\"column\">\n\t\t\t<div class=\"elementor-widget-wrap elementor-element-populated\">\n\t\t\t\t\t\t<div class=\"elementor-element elementor-element-0d7796f elementor-widget elementor-widget-image\" data-id=\"0d7796f\" data-element_type=\"widget\" data-e-type=\"widget\" data-widget_type=\"image.default\">\n\t\t\t\t<div class=\"elementor-widget-container\">\n\t\t\t\t\t\t\t\t\t\t\t\t\t\t\t<img fetchpriority=\"high\" decoding=\"async\" width=\"2660\" height=\"1102\" src=\"https:\/\/www.promed.si\/wp-content\/uploads\/2022\/07\/company-hq.png\" class=\"attachment-full size-full wp-image-6309\" alt=\"company headquarters\" srcset=\"https:\/\/www.promed.si\/wp-content\/uploads\/2022\/07\/company-hq.png 2660w, https:\/\/www.promed.si\/wp-content\/uploads\/2022\/07\/company-hq-300x124.png 300w, https:\/\/www.promed.si\/wp-content\/uploads\/2022\/07\/company-hq-1024x424.png 1024w, https:\/\/www.promed.si\/wp-content\/uploads\/2022\/07\/company-hq-768x318.png 768w, https:\/\/www.promed.si\/wp-content\/uploads\/2022\/07\/company-hq-1536x636.png 1536w, https:\/\/www.promed.si\/wp-content\/uploads\/2022\/07\/company-hq-2048x848.png 2048w, https:\/\/www.promed.si\/wp-content\/uploads\/2022\/07\/company-hq-18x7.png 18w, https:\/\/www.promed.si\/wp-content\/uploads\/2022\/07\/company-hq-700x290.png 700w, https:\/\/www.promed.si\/wp-content\/uploads\/2022\/07\/company-hq-600x249.png 600w\" sizes=\"(max-width: 2660px) 100vw, 2660px\" \/>\t\t\t\t\t\t\t\t\t\t\t\t\t\t\t<\/div>\n\t\t\t\t<\/div>\n\t\t\t\t\t<\/div>\n\t\t<\/div>\n\t\t\t\t\t<\/div>\n\t\t<\/section>\n\t\t\t\t<\/div>","protected":false},"excerpt":{"rendered":"<p>Partners and Markets Promed was founded in 1992 in Ljubljana, Slovenia, as a local distributor of medical devices and laboratory equipment. We expanded into medicinal products in 2012, establishing our first partnerships and expending our capabilities in the pharmaceuticals area. In 2021, Promed operations in Croatia were launched, and we began our distribution to selected &hellip; <\/p>\n<p class=\"link-more\"><a href=\"https:\/\/www.promed.si\/sl\/promed-partners-and-markets\/\" class=\"more-link\">Read More <span class=\"screen-reader-text\"> &#8220;Promed &#8211; Partners and Markets&#8221;<\/span><\/a><\/p>","protected":false},"author":2,"featured_media":0,"parent":0,"menu_order":0,"comment_status":"closed","ping_status":"closed","template":"elementor_header_footer","meta":{"inline_featured_image":false,"footnotes":""},"class_list":["post-4185","page","type-page","status-publish","hentry"],"yoast_head":"<!-- This site is optimized with the Yoast SEO plugin v27.4 - https:\/\/yoast.com\/product\/yoast-seo-wordpress\/ -->\n<title>Promed - Partners and Markets<\/title>\n<meta name=\"description\" content=\"Content and information will be available soon.\" \/>\n<meta name=\"robots\" content=\"index, follow, max-snippet:-1, max-image-preview:large, max-video-preview:-1\" \/>\n<link rel=\"canonical\" href=\"https:\/\/www.promed.si\/sl\/promed-partners-and-markets\/\" \/>\n<meta property=\"og:locale\" content=\"sl_SI\" \/>\n<meta property=\"og:type\" content=\"article\" \/>\n<meta property=\"og:title\" content=\"Promed - Partners and Markets\" \/>\n<meta property=\"og:description\" content=\"Content and information will be available soon.\" \/>\n<meta property=\"og:url\" content=\"https:\/\/www.promed.si\/sl\/promed-partners-and-markets\/\" \/>\n<meta property=\"article:modified_time\" content=\"2026-03-16T11:21:54+00:00\" \/>\n<meta property=\"og:image\" content=\"https:\/\/www.promed.si\/wp-content\/uploads\/2022\/07\/company-hq.png\" \/>\n\t<meta property=\"og:image:width\" content=\"2660\" \/>\n\t<meta property=\"og:image:height\" content=\"1102\" \/>\n\t<meta property=\"og:image:type\" content=\"image\/png\" \/>\n<meta name=\"twitter:card\" content=\"summary_large_image\" \/>\n<meta name=\"twitter:label1\" content=\"Est. reading time\" \/>\n\t<meta name=\"twitter:data1\" content=\"1 minuta\" \/>\n<script type=\"application\/ld+json\" class=\"yoast-schema-graph\">{\"@context\":\"https:\\\/\\\/schema.org\",\"@graph\":[{\"@type\":\"WebPage\",\"@id\":\"https:\\\/\\\/www.promed.si\\\/promed-partners-and-markets\\\/\",\"url\":\"https:\\\/\\\/www.promed.si\\\/promed-partners-and-markets\\\/\",\"name\":\"Promed - Partners and Markets\",\"isPartOf\":{\"@id\":\"https:\\\/\\\/www.promed.si\\\/sl\\\/#website\"},\"primaryImageOfPage\":{\"@id\":\"https:\\\/\\\/www.promed.si\\\/promed-partners-and-markets\\\/#primaryimage\"},\"image\":{\"@id\":\"https:\\\/\\\/www.promed.si\\\/promed-partners-and-markets\\\/#primaryimage\"},\"thumbnailUrl\":\"https:\\\/\\\/www.promed.si\\\/wp-content\\\/uploads\\\/2022\\\/07\\\/company-hq.png\",\"datePublished\":\"2021-07-16T12:11:54+00:00\",\"dateModified\":\"2026-03-16T11:21:54+00:00\",\"description\":\"Content and information will be available soon.\",\"breadcrumb\":{\"@id\":\"https:\\\/\\\/www.promed.si\\\/promed-partners-and-markets\\\/#breadcrumb\"},\"inLanguage\":\"sl-SI\",\"potentialAction\":[{\"@type\":\"ReadAction\",\"target\":[\"https:\\\/\\\/www.promed.si\\\/promed-partners-and-markets\\\/\"]}]},{\"@type\":\"ImageObject\",\"inLanguage\":\"sl-SI\",\"@id\":\"https:\\\/\\\/www.promed.si\\\/promed-partners-and-markets\\\/#primaryimage\",\"url\":\"https:\\\/\\\/www.promed.si\\\/wp-content\\\/uploads\\\/2022\\\/07\\\/company-hq.png\",\"contentUrl\":\"https:\\\/\\\/www.promed.si\\\/wp-content\\\/uploads\\\/2022\\\/07\\\/company-hq.png\"},{\"@type\":\"BreadcrumbList\",\"@id\":\"https:\\\/\\\/www.promed.si\\\/promed-partners-and-markets\\\/#breadcrumb\",\"itemListElement\":[{\"@type\":\"ListItem\",\"position\":1,\"name\":\"Home\",\"item\":\"https:\\\/\\\/www.promed.si\\\/\"},{\"@type\":\"ListItem\",\"position\":2,\"name\":\"Promed &#8211; Partners and Markets\"}]},{\"@type\":\"WebSite\",\"@id\":\"https:\\\/\\\/www.promed.si\\\/sl\\\/#website\",\"url\":\"https:\\\/\\\/www.promed.si\\\/sl\\\/\",\"name\":\"Promed d.o.o. Trgovanje in tr\u017eenje z medicinskim materialom\",\"description\":\"\",\"publisher\":{\"@id\":\"https:\\\/\\\/www.promed.si\\\/sl\\\/#organization\"},\"potentialAction\":[{\"@type\":\"SearchAction\",\"target\":{\"@type\":\"EntryPoint\",\"urlTemplate\":\"https:\\\/\\\/www.promed.si\\\/sl\\\/?s={search_term_string}\"},\"query-input\":{\"@type\":\"PropertyValueSpecification\",\"valueRequired\":true,\"valueName\":\"search_term_string\"}}],\"inLanguage\":\"sl-SI\"},{\"@type\":\"Organization\",\"@id\":\"https:\\\/\\\/www.promed.si\\\/sl\\\/#organization\",\"name\":\"Promed d.o.o. Trading and marketing of medical supplies\",\"url\":\"https:\\\/\\\/www.promed.si\\\/sl\\\/\",\"logo\":{\"@type\":\"ImageObject\",\"inLanguage\":\"sl-SI\",\"@id\":\"https:\\\/\\\/www.promed.si\\\/sl\\\/#\\\/schema\\\/logo\\\/image\\\/\",\"url\":\"https:\\\/\\\/www.promed.si\\\/wp-content\\\/uploads\\\/2021\\\/07\\\/promed-logo-1.png\",\"contentUrl\":\"https:\\\/\\\/www.promed.si\\\/wp-content\\\/uploads\\\/2021\\\/07\\\/promed-logo-1.png\",\"width\":200,\"height\":200,\"caption\":\"Promed d.o.o. Trading and marketing of medical supplies\"},\"image\":{\"@id\":\"https:\\\/\\\/www.promed.si\\\/sl\\\/#\\\/schema\\\/logo\\\/image\\\/\"},\"sameAs\":[\"https:\\\/\\\/www.linkedin.com\\\/company\\\/promed-d-o-o-trgovanje-in-tr\u017eenje-z-medicinskim-materialom\"]}]}<\/script>\n<!-- \/ Yoast SEO plugin. -->","yoast_head_json":{"title":"Promed - Partners and Markets","description":"Vsebina in informacije bodo kmalu na voljo.","robots":{"index":"index","follow":"follow","max-snippet":"max-snippet:-1","max-image-preview":"max-image-preview:large","max-video-preview":"max-video-preview:-1"},"canonical":"https:\/\/www.promed.si\/sl\/promed-partners-and-markets\/","og_locale":"sl_SI","og_type":"article","og_title":"Promed - Partners and Markets","og_description":"Content and information will be available soon.","og_url":"https:\/\/www.promed.si\/sl\/promed-partners-and-markets\/","article_modified_time":"2026-03-16T11:21:54+00:00","og_image":[{"width":2660,"height":1102,"url":"https:\/\/www.promed.si\/wp-content\/uploads\/2022\/07\/company-hq.png","type":"image\/png"}],"twitter_card":"summary_large_image","twitter_misc":{"Est. reading time":"1 minuta"},"schema":{"@context":"https:\/\/schema.org","@graph":[{"@type":"WebPage","@id":"https:\/\/www.promed.si\/promed-partners-and-markets\/","url":"https:\/\/www.promed.si\/promed-partners-and-markets\/","name":"Promed - Partners and Markets","isPartOf":{"@id":"https:\/\/www.promed.si\/sl\/#website"},"primaryImageOfPage":{"@id":"https:\/\/www.promed.si\/promed-partners-and-markets\/#primaryimage"},"image":{"@id":"https:\/\/www.promed.si\/promed-partners-and-markets\/#primaryimage"},"thumbnailUrl":"https:\/\/www.promed.si\/wp-content\/uploads\/2022\/07\/company-hq.png","datePublished":"2021-07-16T12:11:54+00:00","dateModified":"2026-03-16T11:21:54+00:00","description":"Vsebina in informacije bodo kmalu na voljo.","breadcrumb":{"@id":"https:\/\/www.promed.si\/promed-partners-and-markets\/#breadcrumb"},"inLanguage":"sl-SI","potentialAction":[{"@type":"ReadAction","target":["https:\/\/www.promed.si\/promed-partners-and-markets\/"]}]},{"@type":"ImageObject","inLanguage":"sl-SI","@id":"https:\/\/www.promed.si\/promed-partners-and-markets\/#primaryimage","url":"https:\/\/www.promed.si\/wp-content\/uploads\/2022\/07\/company-hq.png","contentUrl":"https:\/\/www.promed.si\/wp-content\/uploads\/2022\/07\/company-hq.png"},{"@type":"BreadcrumbList","@id":"https:\/\/www.promed.si\/promed-partners-and-markets\/#breadcrumb","itemListElement":[{"@type":"ListItem","position":1,"name":"Home","item":"https:\/\/www.promed.si\/"},{"@type":"ListItem","position":2,"name":"Promed &#8211; Partners and Markets"}]},{"@type":"WebSite","@id":"https:\/\/www.promed.si\/sl\/#website","url":"https:\/\/www.promed.si\/sl\/","name":"Promed d.o.o. Trgovanje in tr\u017eenje z medicinskim materialom","description":"","publisher":{"@id":"https:\/\/www.promed.si\/sl\/#organization"},"potentialAction":[{"@type":"SearchAction","target":{"@type":"EntryPoint","urlTemplate":"https:\/\/www.promed.si\/sl\/?s={search_term_string}"},"query-input":{"@type":"PropertyValueSpecification","valueRequired":true,"valueName":"search_term_string"}}],"inLanguage":"sl-SI"},{"@type":"Organization","@id":"https:\/\/www.promed.si\/sl\/#organization","name":"Promed trgovanje in tr\u017eenje z medicinskim materialom d.o.o.","url":"https:\/\/www.promed.si\/sl\/","logo":{"@type":"ImageObject","inLanguage":"sl-SI","@id":"https:\/\/www.promed.si\/sl\/#\/schema\/logo\/image\/","url":"https:\/\/www.promed.si\/wp-content\/uploads\/2021\/07\/promed-logo-1.png","contentUrl":"https:\/\/www.promed.si\/wp-content\/uploads\/2021\/07\/promed-logo-1.png","width":200,"height":200,"caption":"Promed d.o.o. Trading and marketing of medical supplies"},"image":{"@id":"https:\/\/www.promed.si\/sl\/#\/schema\/logo\/image\/"},"sameAs":["https:\/\/www.linkedin.com\/company\/promed-d-o-o-trgovanje-in-tr\u017eenje-z-medicinskim-materialom"]}]}},"_links":{"self":[{"href":"https:\/\/www.promed.si\/sl\/wp-json\/wp\/v2\/pages\/4185","targetHints":{"allow":["GET"]}}],"collection":[{"href":"https:\/\/www.promed.si\/sl\/wp-json\/wp\/v2\/pages"}],"about":[{"href":"https:\/\/www.promed.si\/sl\/wp-json\/wp\/v2\/types\/page"}],"author":[{"embeddable":true,"href":"https:\/\/www.promed.si\/sl\/wp-json\/wp\/v2\/users\/2"}],"replies":[{"embeddable":true,"href":"https:\/\/www.promed.si\/sl\/wp-json\/wp\/v2\/comments?post=4185"}],"version-history":[{"count":94,"href":"https:\/\/www.promed.si\/sl\/wp-json\/wp\/v2\/pages\/4185\/revisions"}],"predecessor-version":[{"id":7850,"href":"https:\/\/www.promed.si\/sl\/wp-json\/wp\/v2\/pages\/4185\/revisions\/7850"}],"wp:attachment":[{"href":"https:\/\/www.promed.si\/sl\/wp-json\/wp\/v2\/media?parent=4185"}],"curies":[{"name":"wp","href":"https:\/\/api.w.org\/{rel}","templated":true}]}}